{"id":12,"date":"2014-01-24T17:49:43","date_gmt":"2014-01-24T16:49:43","guid":{"rendered":"http:\/\/frohsinn-ost.de\/wordpress\/?page_id=12"},"modified":"2023-07-11T20:03:41","modified_gmt":"2023-07-11T18:03:41","slug":"spielmannszug","status":"publish","type":"page","link":"https:\/\/www.frohsinn-ost.de\/?page_id=12","title":{"rendered":"Spielmannszug"},"content":{"rendered":"<p><strong>Der Spielmannszug \u201cFrohsinn\u201c Greven-Ost<\/strong><\/p>\n<p>Mit der Gr\u00fcndung des Sch\u00fctzenvereins 1925 wurde auch gleichzeitig der Spielmannszug aus den Reihen des Vereins gegr\u00fcndet. Der erste offizielle Auftritt war bereits am 25.07.1925 unter der Leitung des Tambourmajor Heinrich Mohn.Gespielt wurde damals noch ohne Pauke, Becken und Lyra. Bedingt durch den zweiten Weltkrieg kam das Spielmannszugwesen von 1939 bist 1949 zum Erliegen. Im Herbst 1949 \u00fcbernahm Anton Hunke aber wieder den Tambourstab und zum 25j\u00e4hrigen Jubelfest im Jahr 1959 trat der Spielmannszug wieder an die \u00d6ffentlichkeit.<br \/>\nIn den Jahren 1951 bis 1954 wurde zur Vervollst\u00e4ndigung eine Pauke, ein Paar Becken und eine Lyra angeschafft. In diesen Jahren wurde der Spielmannszug auch au\u00dferhalb der Stadtgrenzen Grevens bekannt, wobei der H\u00f6hepunkt das Gaufest 1954 in Ulm war. Ebenfalls nahm der Zug an vielen Karnevalsumz\u00fcgen in Greven und M\u00fcnster teil.<br \/>\nIm Jahre 1973 wurde beschlossen neue Uniformen zu beschaffen. Die Unkosten f\u00fcr die ganz in Wei\u00df gehaltenen Uniformen wurden durch den Spielmannszug, den Sch\u00fctzenverein und einigen privaten Spendern getragen. Zum Jubelfest 1975 wurde ein gro\u00dfes Freu<a href=\"https:\/\/www.frohsinn-ost.de\/wordpress\/wp-content\/uploads\/2023\/07\/Schuetzenfest-offizielle-Bilder-2023-17.jpg\"><img loading=\"lazy\" decoding=\"async\" class=\"wp-image-292415  alignleft\" src=\"https:\/\/www.frohsinn-ost.de\/wordpress\/wp-content\/uploads\/2023\/07\/Schuetzenfest-offizielle-Bilder-2023-17.jpg\" alt=\"\" width=\"641\" height=\"361\" srcset=\"https:\/\/www.frohsinn-ost.de\/wordpress\/wp-content\/uploads\/2023\/07\/Schuetzenfest-offizielle-Bilder-2023-17.jpg 2048w, https:\/\/www.frohsinn-ost.de\/wordpress\/wp-content\/uploads\/2023\/07\/Schuetzenfest-offizielle-Bilder-2023-17-768x432.jpg 768w, https:\/\/www.frohsinn-ost.de\/wordpress\/wp-content\/uploads\/2023\/07\/Schuetzenfest-offizielle-Bilder-2023-17-1536x864.jpg 1536w\" sizes=\"auto, (max-width: 641px) 100vw, 641px\" \/><\/a>ndschaftstreffen in Greven organisiert. An diesem Treffen nahmen \u00fcber 20 Gastvereine aus Nah und Fern teil.<\/p>\n<p>Im Jahre 1982 mussten die wei\u00dfen Uniformen den vielen Auftritten Tribut zollen, so dass, bedingt durch zahlreiche Spenden, schwarz-gr\u00fcne Uniformen gekauft wurden, die bis Heute noch getragen werden. In den folgenden Jahren nahm der Spielmannszug an vielen Sch\u00fctzenfesten ausw\u00e4rtiger Vereine sowie an zahlreichen Karnevalsumz\u00fcgen teil. Besondere H\u00f6hepunkte waren die Teilnahme 1985 und 1986 an der Karnevalsumz\u00fcgen in K\u00f6ln-We\u00dfling. Um die Mitglieder innerhalb des Spielmannszugs jederzeit bei guter Laune zu halten, wurden seit den 80er Jahren viele Aktivit\u00e4ten organisiert. Fahrten zu Freizeitparks mehrt\u00e4gige Zeltlager oder Fahrradtouren geh\u00f6ren jedes Jahr zum festen Programm des Zuges.<\/p>\n<p>Auch in der heutigen Zeit tr\u00e4gt der Spielmannszug dazu bei, noch Freunde und Zuh\u00f6rer f\u00fcr das klingende Spiel zu begeistern, was auch die steigende Zahl der Jugendlichen beweist.<\/p>\n<p>Zum Jubelfest 2000 trat zum ersten Mal der sogenannte&nbsp;<a href=\"http:\/\/www.frohsinn-ost.de\/?page_id=54\">Oldiespielmannszug<\/a>&nbsp;auf.<\/p>\n<p><a href=\"http:\/\/spz-ost.de\" target=\"_blank\" rel=\"noopener\">Zur Homepage des Spielmannszug Frohsinn Greven Ost<\/a><\/p>\n<p>(In Ausz\u00fcgen entnommen aus der Festschrift zum 75j\u00e4hrigen Bestehen des Sch\u00fctzenvereins \u201cFrohsinn\u201d Greven-Ost e.V. aus dem Jahre 2000.)<\/p>\n","protected":false},"excerpt":{"rendered":"<p>Der Spielmannszug \u201cFrohsinn\u201c Greven-Ost Mit der Gr\u00fcndung des Sch\u00fctzenvereins 1925 wurde auch gleichzeitig der Spielmannszug aus den Reihen des Vereins gegr\u00fcndet. Der erste offizielle Auftritt war bereits am 25.07.1925 unter der Leitung des Tambourmajor&#46;&#46;&#46;<\/p>\n","protected":false},"author":5,"featured_media":0,"parent":10,"menu_order":0,"comment_status":"closed","ping_status":"closed","template":"","meta":{"ngg_post_thumbnail":0,"footnotes":""},"class_list":["post-12","page","type-page","status-publish","hentry"],"_links":{"self":[{"href":"https:\/\/www.frohsinn-ost.de\/index.php?rest_route=\/wp\/v2\/pages\/12","targetHints":{"allow":["GET"]}}],"collection":[{"href":"https:\/\/www.frohsinn-ost.de\/index.php?rest_route=\/wp\/v2\/pages"}],"about":[{"href":"https:\/\/www.frohsinn-ost.de\/index.php?rest_route=\/wp\/v2\/types\/page"}],"author":[{"embeddable":true,"href":"https:\/\/www.frohsinn-ost.de\/index.php?rest_route=\/wp\/v2\/users\/5"}],"replies":[{"embeddable":true,"href":"https:\/\/www.frohsinn-ost.de\/index.php?rest_route=%2Fwp%2Fv2%2Fcomments&post=12"}],"version-history":[{"count":11,"href":"https:\/\/www.frohsinn-ost.de\/index.php?rest_route=\/wp\/v2\/pages\/12\/revisions"}],"predecessor-version":[{"id":292417,"href":"https:\/\/www.frohsinn-ost.de\/index.php?rest_route=\/wp\/v2\/pages\/12\/revisions\/292417"}],"up":[{"embeddable":true,"href":"https:\/\/www.frohsinn-ost.de\/index.php?rest_route=\/wp\/v2\/pages\/10"}],"wp:attachment":[{"href":"https:\/\/www.frohsinn-ost.de\/index.php?rest_route=%2Fwp%2Fv2%2Fmedia&parent=12"}],"curies":[{"name":"wp","href":"https:\/\/api.w.org\/{rel}","templated":true}]}}