{"id":49,"date":"2014-01-24T20:42:40","date_gmt":"2014-01-24T19:42:40","guid":{"rendered":"http:\/\/frohsinn-ost.de\/wordpress\/?page_id=49"},"modified":"2026-03-26T08:40:53","modified_gmt":"2026-03-26T07:40:53","slug":"impressum","status":"publish","type":"page","link":"https:\/\/www.frohsinn-ost.de\/?page_id=49","title":{"rendered":"Impressum"},"content":{"rendered":"<p style=\"text-align: left;\"><strong>Pflichtangaben lt. Teledienstgesetz<\/strong><\/p>\n<p style=\"text-align: left;\">Sch\u00fctzenverein &#8222;Frohsinn&#8220; Greven Ost 1925 eingetragener Verein eingetragen im Vereinsregister Nr. VR-831 Amtsgericht Steinfurt vom 13. Februar 1996<\/p>\n<p style=\"text-align: left;\">1. Vorsitzender (ladungsf\u00e4hige Adresse)<br \/>\nThomas K\u00f6tterjohann<br \/>\nH\u00fcttruper Heide 66<br \/>\n48268 Greven<br \/>\nDeutschland<\/p>\n<div style=\"text-align: left;\" align=\"center\">Der Betreiber dieser Homepage haftet nicht f\u00fcr den Inhalt externen Internetseiten, zu denen er Hyperlinks auf seiner Homepage eingebunden hat. Der Inhalt der externen Seiten entspricht nach Kenntnis des Betreibers dieser Homepage geltendem Recht. Diese Inhalte sind fremde Inhalte im Sinne des \u00a75 II MDStv. bzw. keine eigenen Inhalte gem. \u00a78 I TDG.<br \/>\nVon etwaigen Verst\u00f6\u00dfen gegen Rechtsvorschriften durch die externen Seiten ist ihm nichts bekannt. Sollten ohne Wissen des Betreibers auf externen Seiten Rechtsverst\u00f6\u00dfe stattfinden, so distanziert sich der Betreiber hiermit ausdr\u00fccklich von diesen Verst\u00f6\u00dfen. Eine Distanzierung<br \/>\nfindet auch von den sonstigen rechtm\u00e4\u00dfigen und -widrigen Inhalten der externen Seiten statt, f\u00fcr die lediglich die Betreiber jener Seiten verantwortlich sind und auf die der Betreiber dieser Homepage keinen Einflu\u00df nehmen kann.<\/div>\n","protected":false},"excerpt":{"rendered":"<p>Pflichtangaben lt. Teledienstgesetz Sch\u00fctzenverein &#8222;Frohsinn&#8220; Greven Ost 1925 eingetragener Verein eingetragen im Vereinsregister Nr. VR-831 Amtsgericht Steinfurt vom 13. Februar 1996 1. Vorsitzender (ladungsf\u00e4hige Adresse) Thomas K\u00f6tterjohann H\u00fcttruper Heide 66 48268 Greven Deutschland Der&#46;&#46;&#46;<\/p>\n","protected":false},"author":5,"featured_media":0,"parent":0,"menu_order":0,"comment_status":"closed","ping_status":"closed","template":"","meta":{"ngg_post_thumbnail":0,"footnotes":""},"class_list":["post-49","page","type-page","status-publish","hentry"],"_links":{"self":[{"href":"https:\/\/www.frohsinn-ost.de\/index.php?rest_route=\/wp\/v2\/pages\/49","targetHints":{"allow":["GET"]}}],"collection":[{"href":"https:\/\/www.frohsinn-ost.de\/index.php?rest_route=\/wp\/v2\/pages"}],"about":[{"href":"https:\/\/www.frohsinn-ost.de\/index.php?rest_route=\/wp\/v2\/types\/page"}],"author":[{"embeddable":true,"href":"https:\/\/www.frohsinn-ost.de\/index.php?rest_route=\/wp\/v2\/users\/5"}],"replies":[{"embeddable":true,"href":"https:\/\/www.frohsinn-ost.de\/index.php?rest_route=%2Fwp%2Fv2%2Fcomments&post=49"}],"version-history":[{"count":8,"href":"https:\/\/www.frohsinn-ost.de\/index.php?rest_route=\/wp\/v2\/pages\/49\/revisions"}],"predecessor-version":[{"id":292751,"href":"https:\/\/www.frohsinn-ost.de\/index.php?rest_route=\/wp\/v2\/pages\/49\/revisions\/292751"}],"wp:attachment":[{"href":"https:\/\/www.frohsinn-ost.de\/index.php?rest_route=%2Fwp%2Fv2%2Fmedia&parent=49"}],"curies":[{"name":"wp","href":"https:\/\/api.w.org\/{rel}","templated":true}]}}