{"id":54,"date":"2014-01-24T20:59:42","date_gmt":"2014-01-24T19:59:42","guid":{"rendered":"http:\/\/frohsinn-ost.de\/wordpress\/?page_id=54"},"modified":"2015-11-09T14:05:45","modified_gmt":"2015-11-09T13:05:45","slug":"oldie-spielmannszug","status":"publish","type":"page","link":"https:\/\/www.frohsinn-ost.de\/?page_id=54","title":{"rendered":"Oldie-Spielmannszug (aufgel\u00f6st)"},"content":{"rendered":"<h2 style=\"text-align: center;\"><strong>Der Oldie-Spielmannszug wurde aufgel\u00f6st. Vielen Dank f\u00fcr die tollen Auftritte!<\/strong><\/h2>\n<p>********************************************************************<\/p>\n<p>&nbsp;<\/p>\n<p><img loading=\"lazy\" decoding=\"async\" class=\"aligncenter\" src=\"http:\/\/frohsinn-ost.de\/images\/spz2000_2009.jpg\" alt=\"\" width=\"400\" height=\"268\" \/><\/p>\n<p><span style=\"font-family: Arial, Helvetica, Geneva, Swiss, SunSans-Regular;\">zum Jubelfest im Jahr 2000 formierten sich viele der &#8222;ehemaligen aktiven&#8220; Mitglieder des Spielmannszuges und traten gemeinsam mit dem &#8222;regul\u00e4ren&#8220; Spielmannszug auf.<\/span><\/p>\n<p><span style=\"font-family: Arial, Helvetica, Geneva, Swiss, SunSans-Regular;\">W\u00e4hrend der Sch\u00fctzenfeste, insbesondere montags lassen sie es sich nicht nehmen zu zeigen, das Sie das gemeinsame Musizieren nicht verlernt haben.<\/span><\/p>\n<p><span style=\"font-family: Arial, Helvetica, Geneva, Swiss, SunSans-Regular;\">Am 23.11.2003 traf man sich im Vereinslokal um \u00fcber weitere Aktivit\u00e4ten bzw. den Fortbestand des Oldie-Spielmannszuges zu entscheiden. Heraus kam dabei, das mit gro\u00dfer Mehrheit der Anwesenden der Spielbetrieb des Oldie-Spielmannszuges erhalten werden soll, allerdings mit einigen Einschr\u00e4nkungen.<br \/>\n<\/span><\/p>\n<p><span style=\"font-family: Arial, Helvetica, Geneva, Swiss, SunSans-Regular;\">1. Die Oldies werden niemals in Konkurrenz mit dem aktuellen Spielmannszug treten, das hei\u00dft es wird niemand &#8222;abgeworben&#8220;.<br \/>\n<\/span><\/p>\n<p><span style=\"font-family: Arial, Helvetica, Geneva, Swiss, SunSans-Regular;\">2. Die Oldies bleiben auf den Mitgliederstand von 2000, d.h. es werden keine neuen Mitglieder aufgenommen.<br \/>\n<\/span><\/p>\n<p><span style=\"font-family: Arial, Helvetica, Geneva, Swiss, SunSans-Regular;\">3. Es wird 4 mal im Jahr im Keller des Vereinslokals ein \u00dcbungstag abgehalten. Dazu sind Zuschauer (Zuh\u00f6rer) herzlich eingeladen.<br \/>\n<\/span><\/p>\n<p><span style=\"font-family: Arial, Helvetica, Geneva, Swiss, SunSans-Regular;\">4.\u00d6ffentliche Auftritte finden nur im Rahmen und zum Wohle des Sch\u00fctzenvereins Frohsinn Greven-Ost 1925 e. V. statt (z. B. Seniorennachmittag, Vereinsjubil\u00e4um, etc.).<\/span><\/p>\n<div align=\"left\">\n<p><span style=\"font-family: Arial, Helvetica, Geneva, Swiss, SunSans-Regular;\">Es wird auf Wunsch bei jedem Jubil\u00e4um eines Oldies ein St\u00e4ndchen gebracht.<\/span><\/p>\n<\/div>\n<div align=\"right\">\n<p><span style=\"font-family: Arial, Helvetica, Geneva, Swiss, SunSans-Regular; font-size: small;\">Autor dieses Abschnittes: Peter D\u00f6pker<\/span><\/p>\n<\/div>\n<div align=\"left\">\n<hr \/>\n<div align=\"center\">\n<p><span style=\"font-family: Arial, Helvetica, Geneva, Swiss, SunSans-Regular;\">Die Idee dazu war aber schon viel fr\u00fcher.<\/span><\/p>\n<p><span style=\"font-family: Arial, Helvetica, Geneva, Swiss, SunSans-Regular;\">Einige \u201eehemalige\u201c Spielleute des Spielmannszuges wollten mal wieder mitmusizieren ohne aktiv im Spielmannszug zu sein.<\/span><\/p>\n<p>&nbsp;<\/p>\n<p><span style=\"font-family: Arial, Helvetica, Geneva, Swiss, SunSans-Regular;\">Dieses griff Peter D\u00f6pker auf und lud zu einem Treffen am 21. M\u00e4rz 1999 ins damalige Kolpinghaus ein. Es kamen 25, wovon sich 21 bereit erkl\u00e4rten, bei einem Oldie-Spielmannzug mitzumachen.<\/span><\/p>\n<p>&nbsp;<\/p>\n<p><span style=\"font-family: Arial, Helvetica, Geneva, Swiss, SunSans-Regular;\">Schon tauchten die ersten Probleme auf, denn die meisten hatten seit 25 Jahren kein Instrument mehr in die Hand genommen.\u00a0<\/span><span style=\"font-family: Arial, Helvetica, Geneva, Swiss, SunSans-Regular;\">Also beschlo\u00df man umgehend mit dem \u00dcben zu beginnen.<\/span><\/p>\n<p>&nbsp;<\/p>\n<p><span style=\"font-family: Arial, Helvetica, Geneva, Swiss, SunSans-Regular;\">Problem Nummer 2 war geboren, woher so viele Instrumente wie Trommeln, Pauke, Becken, Lyra, Koppel, Haken, Trommelst\u00f6cke hernehmen. Die meisten Fl\u00f6tisten hatten noch Ihre alten Fl\u00f6ten. Dank der Beziehungen von Franz-Josf Bultmann zum Spielmannszug Reckenfeld wurde dies Problem gel\u00f6st.<\/span><\/p>\n<p>&nbsp;<\/p>\n<p><span style=\"font-family: Arial, Helvetica, Geneva, Swiss, SunSans-Regular;\">Werner Wischnewski stellte seine Produktionshalle am Wasserwerk 3 als \u00dcbungsraum zur Verf\u00fcgung, so da\u00df am 15. August 1999 das erste \u00dcben stattfand, dem folgten dann noch weitere zehn bis zum Jubelfest 2000. Die \u00dcbungstage waren immer gut besucht, nicht nur von Spielleuten, sondern auch von Mitgliedern des Sch\u00fctzenvereins, so da\u00df der Oldie-Spielmannszug noch einige Zug\u00e4nge zu verzeichnen hatte und mit 25 aktiven Oldies am Jubelfest aufmarschierte.<\/span><\/p>\n<p>&nbsp;<\/p>\n<p><span style=\"font-family: Arial, Helvetica, Geneva, Swiss, SunSans-Regular;\">Nach dem Fest beschlo\u00df man, sich noch das eine oder andere mal zu treffen um ein wenig zu musizieren. Es folgten Auftritte bei besonderen Anl\u00e4ssen der einzelne Oldies, wie runde Geburtstage und Goldhochzeiten, so das die Oldies am 21 M\u00e4rz 2009 Ihr\u00a0<b>10 j\u00e4hriges Bestehen<\/b>\u00a0feiern, nat\u00fcrlich mit einem z\u00fcnftigen Fest mit allen \u201ehelfenden H\u00e4nden\u201c und Marschmusik im Vereinlokal, in dessen Keller z.Z. das \u00dcben vier mal im Jahr stattfindet.<\/span><\/p>\n<p>&nbsp;<\/p>\n<p><span style=\"font-family: Arial, Helvetica, Geneva, Swiss, SunSans-Regular;\">Der Oldie-Spielmannszug hat z.Z. 23 Mitglieder, gemeinsam ist man 1565 Jahre alt, wobei der j\u00fcngste 58 und der \u00e4lteste 81 Jahre alt und somit das Durchschnittsalter bei 68 Jahre liegt.<\/span><\/p>\n<p>&nbsp;<\/p>\n<p><span style=\"font-family: Arial, Helvetica, Geneva, Swiss, SunSans-Regular;\">Greven im M\u00e4rz 2009<br \/>\n<\/span><\/p>\n<\/div>\n<div align=\"right\">\n<p><span style=\"font-family: Arial, Helvetica, Geneva, Swiss, SunSans-Regular; font-size: small;\">Autor dieses Abschnittes: Peter D\u00f6pker<\/span><\/p>\n<p><span style=\"font-family: Arial, Helvetica, sans-serif;\"><strong>10 JAHRE OLDIE-SPIELMANNSZUG 2000<\/strong><\/span><\/p>\n<p>Der Oldie-Spielmannszug 2000 feierte am 21. M\u00e4rz 2009 sein 10-j\u00e4hriges Bestehen im Vereins-Lokal \u201eZum goldenen Stern\u201e. Um 15.00 Uhr begr\u00fc\u00dfte der Leiter der Oldies, Peter D\u00f6pker, die Oldies mit Ihren Ehefrauen und Partnern. Einen besonderen Gru\u00df richtete er an die G\u00e4ste, den 2. Vorsitzenden des Sch\u00fctzenvereins Helmut T\u00fcnte (der 1. Vorsitzende Werner Teupe war verhindert, seine Schwiegermutter feierte Ihren 100. Geburtstag im Emsland), die Leiterin des Spielmannzuges \u201eFrohsinn Ost\u201c Yvonne Keller mit Ehemann, den Tambourmajor und musikalischen Leiter Markus Fraune mit Partnerin, den Ex-Tambourmajor Klaus Fraune mit Gattin, die Leitung des Spielmannszuges Friedrichsburg Uwe Brockhaus und Heinz Herting sowie den ehemaligen Leiter des Spielmannzuges Friedrichsburg Heinz W\u00e4llering mit seiner Gattin.<\/p>\n<p>Er dankte allen f\u00fcr die Unterst\u00fctzung und Hilfe in den vergangenen 10 Jahren und hofft auf weitere Zusammenarbeit in der Zukunft. Nach dem die G\u00e4ste Ihrerseits ein paar Begr\u00fc\u00dfungsworte und Gl\u00fcckw\u00fcnsche ausgesprochen hatten, \u00fcberraschten die Oldies Ihren Organisator mit einem prall gef\u00fcllten Pr\u00e4sentkorb, mit dem sie Ihm f\u00fcr zehn Jahre F\u00fchrungsarbeit und Organisation dankten. Danach wurde die Kaffeetafel von D\u00f6pkers Ehefrau Annegret mit einer riesigen Jubil\u00e4umstorte er\u00f6ffnet, denn die Damen der Oldies haben es sich nicht nehmen lassen und reichlich Kuchen und Torten gebacken.<br \/>\nW\u00e4hrend des Kaffeeklatschs wurden die Aktivit\u00e4ten der letzten 10 Jahre an Hand einer Dia-Show noch einmal in Erinnerung gerufen.<br \/>\nDer aktive Spielmannszug lie\u00df es sich nat\u00fcrlich nicht nehmen und trug SEINEN OLDIES musikalische Gl\u00fcckw\u00fcnsche mit einem kleinen Konzert vor. Nach dem obligatorischen Pressefoto auf der Kirchentreppe wurde anschlie\u00dfend nat\u00fcrlich gemeinsam im Saal musiziert.<br \/>\nEs war schon f\u00fcr alle Beteiligten und Anwesenden etwas besonderes wenn \u00fcber 40 Spielleute \u201ePreu\u00dfens Gloria\u201c in den Saal schmetterten. Nach dem Abendessen feierte man bei gem\u00fctlicher Musik und eigenem Gesang bis weit in die Nacht hinein, von Altersschw\u00e4che war keine Spur zu sehen.<\/p>\n<div align=\"right\">\n<p><span style=\"font-family: Arial, Helvetica, Geneva, Swiss, SunSans-Regular; font-size: small;\">Autor dieses Abschnittes: Peter D\u00f6pk<\/span><\/p>\n<\/div>\n<\/div>\n<\/div>\n","protected":false},"excerpt":{"rendered":"<p>Der Oldie-Spielmannszug wurde aufgel\u00f6st. Vielen Dank f\u00fcr die tollen Auftritte! ******************************************************************** &nbsp; zum Jubelfest im Jahr 2000 formierten sich viele der &#8222;ehemaligen aktiven&#8220; Mitglieder des Spielmannszuges und traten gemeinsam mit dem &#8222;regul\u00e4ren&#8220; Spielmannszug auf.&#46;&#46;&#46;<\/p>\n","protected":false},"author":5,"featured_media":0,"parent":10,"menu_order":0,"comment_status":"closed","ping_status":"closed","template":"","meta":{"ngg_post_thumbnail":0,"footnotes":""},"class_list":["post-54","page","type-page","status-publish","hentry"],"_links":{"self":[{"href":"https:\/\/www.frohsinn-ost.de\/index.php?rest_route=\/wp\/v2\/pages\/54","targetHints":{"allow":["GET"]}}],"collection":[{"href":"https:\/\/www.frohsinn-ost.de\/index.php?rest_route=\/wp\/v2\/pages"}],"about":[{"href":"https:\/\/www.frohsinn-ost.de\/index.php?rest_route=\/wp\/v2\/types\/page"}],"author":[{"embeddable":true,"href":"https:\/\/www.frohsinn-ost.de\/index.php?rest_route=\/wp\/v2\/users\/5"}],"replies":[{"embeddable":true,"href":"https:\/\/www.frohsinn-ost.de\/index.php?rest_route=%2Fwp%2Fv2%2Fcomments&post=54"}],"version-history":[{"count":4,"href":"https:\/\/www.frohsinn-ost.de\/index.php?rest_route=\/wp\/v2\/pages\/54\/revisions"}],"predecessor-version":[{"id":291031,"href":"https:\/\/www.frohsinn-ost.de\/index.php?rest_route=\/wp\/v2\/pages\/54\/revisions\/291031"}],"up":[{"embeddable":true,"href":"https:\/\/www.frohsinn-ost.de\/index.php?rest_route=\/wp\/v2\/pages\/10"}],"wp:attachment":[{"href":"https:\/\/www.frohsinn-ost.de\/index.php?rest_route=%2Fwp%2Fv2%2Fmedia&parent=54"}],"curies":[{"name":"wp","href":"https:\/\/api.w.org\/{rel}","templated":true}]}}