{"id":57,"date":"2014-01-24T21:01:18","date_gmt":"2014-01-24T20:01:18","guid":{"rendered":"http:\/\/frohsinn-ost.de\/wordpress\/?page_id=57"},"modified":"2016-06-14T21:45:46","modified_gmt":"2016-06-14T19:45:46","slug":"schiessgruppe-im-vereien","status":"publish","type":"page","link":"https:\/\/www.frohsinn-ost.de\/?page_id=57","title":{"rendered":"Schiessgruppe"},"content":{"rendered":"<p><strong>Das regelm\u00e4\u00dfige Schie\u00dfen im Verein hat Tradition, so auch bei uns.<\/strong><\/p>\n<p>Als sich im August 1957 in Greven die \u201cVereinigten Sch\u00fctzengesellschaften\u201d gr\u00fcndeten, begann auch die Laufbahn der aktiven Sch\u00fctzen unseres Vereins. Zuvor nahmen die Sch\u00fctzen regelm\u00e4\u00dfig an den Wettk\u00e4mpfen zur Wanderkette der Stadt teil, und 1938 konnten die Ostler sie in ihr Viertel holen.<\/p>\n<p>Einige junge Vereinsmitglieder, unterst\u00fctzt von \u00e4lteren Sch\u00fctzen, gr\u00fcndeten eine komplette Mannschaft, die zuerst an der Stadtmeisterschaft im Luftgewehr teilnahm. Mit Beginn der Stadtmeisterschaft im Kleinkaliber auf dem neuen Stand in Wentrup begann der Aufschwung der Schie\u00dfsportabteilung.<\/p>\n<p>1969 bekamen die Sch\u00fctzen die Wanderkette, 1962 konnten sie einen mehrfachen Erfolg verbuchen: Neben der Wanderkette wurden sie Mannschafts-Stadtmeister im KK-Schie\u00dfen sowie Einzekstadtmeister. Schie\u00dfen war damals voll im Trend, die Zahl der aktiven Sch\u00fctzen nahm zu, 1963 meldete Frohsinn bereits drei Mannschaften zum KK-Schie\u00dfen. Alle Erfolge hier anzuf\u00fchren, w\u00e4re schlecht m\u00f6glich. Die herausragenden Leistungen der n\u00e4chten Jahre zusammengefasst: Erringung der Wanderkette in den Jahren 1966, 1968 und 1972. Auch wurde 1972 zum ersten Male eine Damenmannschaft gegr\u00fcndet.<\/p>\n<p>Nat\u00fcrlich ist der Schie\u00dfsport auch mit Kosten verbunden. So mussten immer wieder neue Gewehre angeschafft werden, um auf dem neuesten Stand zu bleiben. Der Verein unterst\u00fctzt seine Schie\u00dfgruppe finanziell, doch die \u201cEigenbelastung\u201d der begeisterten Sch\u00fctzinnen und Sch\u00fctzen ist doch ganz enorm.<\/p>\n<p>Auch in den weiteren Jahren war die Schie\u00dfgruppe sehr erfolgreich, konnten doch viele Wettbewerbe siegreich beendet werden.<br \/>\nEinen Umbruch gab es Ende der 80er Jahre. Viele Herren hatten mit dem aktiven Schie\u00dfsport aufgeh\u00f6rt, so dass sich die Teams reduzierten. Hinzu kamen Nachwuchsschwierigkeiten.<br \/>\n1991 konnte keine Herrenmannschaft zur Stadtmeisterschaft angehmeldet werden, 1992 musste das neu formierte Team dann wieder von unten anfangen.<\/p>\n<p>In den letzten Jahren ist jedoch eine deutliche Aufw\u00e4rtstendenz zu verzeichnen. 1988 zogen sich f\u00fcnf Damen vom Wettkampfsport zur\u00fcck, die 25 Jahre der Schie\u00dfgruppe die Treue gehalten haben, eine stolze Leistung!<br \/>\nGegenw\u00e4rtig sind viele j\u00fcngere Sch\u00fctzen mit Begeisterung dabei, so dass man der weiteren Zukunft unsererer Schie\u00dfgruppe mit Optimismus entgegensehen kann!<\/p>\n<p>(In Ausz\u00fcgen entnommen aus der Festschrift zum 75j\u00e4hrigenn Bestehen des Sch\u00fctzenvereins \u201cFrohsinn\u201d Greven-Ost e.V. aus dem Jahre 2000.)<\/p>\n","protected":false},"excerpt":{"rendered":"<p>Das regelm\u00e4\u00dfige Schie\u00dfen im Verein hat Tradition, so auch bei uns. Als sich im August 1957 in Greven die \u201cVereinigten Sch\u00fctzengesellschaften\u201d gr\u00fcndeten, begann auch die Laufbahn der aktiven Sch\u00fctzen unseres Vereins. Zuvor nahmen die&#46;&#46;&#46;<\/p>\n","protected":false},"author":5,"featured_media":0,"parent":10,"menu_order":0,"comment_status":"closed","ping_status":"closed","template":"","meta":{"ngg_post_thumbnail":0,"footnotes":""},"class_list":["post-57","page","type-page","status-publish","hentry"],"_links":{"self":[{"href":"https:\/\/www.frohsinn-ost.de\/index.php?rest_route=\/wp\/v2\/pages\/57","targetHints":{"allow":["GET"]}}],"collection":[{"href":"https:\/\/www.frohsinn-ost.de\/index.php?rest_route=\/wp\/v2\/pages"}],"about":[{"href":"https:\/\/www.frohsinn-ost.de\/index.php?rest_route=\/wp\/v2\/types\/page"}],"author":[{"embeddable":true,"href":"https:\/\/www.frohsinn-ost.de\/index.php?rest_route=\/wp\/v2\/users\/5"}],"replies":[{"embeddable":true,"href":"https:\/\/www.frohsinn-ost.de\/index.php?rest_route=%2Fwp%2Fv2%2Fcomments&post=57"}],"version-history":[{"count":6,"href":"https:\/\/www.frohsinn-ost.de\/index.php?rest_route=\/wp\/v2\/pages\/57\/revisions"}],"predecessor-version":[{"id":291164,"href":"https:\/\/www.frohsinn-ost.de\/index.php?rest_route=\/wp\/v2\/pages\/57\/revisions\/291164"}],"up":[{"embeddable":true,"href":"https:\/\/www.frohsinn-ost.de\/index.php?rest_route=\/wp\/v2\/pages\/10"}],"wp:attachment":[{"href":"https:\/\/www.frohsinn-ost.de\/index.php?rest_route=%2Fwp%2Fv2%2Fmedia&parent=57"}],"curies":[{"name":"wp","href":"https:\/\/api.w.org\/{rel}","templated":true}]}}